{"id":44,"date":"2019-09-04T12:41:17","date_gmt":"2019-09-04T12:41:17","guid":{"rendered":"http:\/\/meyer-ingenieure.de\/?page_id=44"},"modified":"2022-11-28T13:16:23","modified_gmt":"2022-11-28T13:16:23","slug":"datenschutzerklaerung","status":"publish","type":"page","link":"http:\/\/meyer-ingenieure.de\/index.html\/datenschutzerklaerung\/","title":{"rendered":"Datenschutzerkl\u00e4rung"},"content":{"rendered":"\n<h3>Wer wir sind<\/h3>\n\n\n\n<p>Die Adresse unserer Website ist: http:\/\/meyer-ingenieure.de.<\/p>\n\n\n\n<h3>Welche personenbezogenen Daten wir sammeln und warum wir sie sammeln<\/h3>\n\n\n\n<p>Der Schutz Ihrer personenbezogenen Daten ist uns wichtig. Wir, das Ingenieurbuero Meyer, achten als Betreiber dieser Internetseite darauf, dass die Verarbeitung von personenbezogenen Daten in \u00dcbereinstimmung mit den anwendbaren Rechtsvorschriften erfolgt. Die nachfolgenden Informationen erl\u00e4utern Ihnen welche personenbezogenen Daten bei der Nutzung dieser Internetseite anfallen k\u00f6nnen, wie wir mit diesen Daten umgehen, welche Rechte Ihnen zustehen und wie Sie uns bei weiteren Fragen kontaktieren k\u00f6nnen. Rechtsgrundlage ist die Europ\u00e4ische Datenschutzgrundverordnung (DSGVO) vom 25. Mai 2016.<\/p>\n\n\n\n<h3>1. INFORMATION ZUM UMGANG MIT PERSONENBEZOGENEN DATEN:<\/h3>\n\n\n\n<h4>A) AUFZEICHNUNG VON NUTZUNGSDATEN<\/h4>\n\n\n\n<p>Die automatische Zugriffprotokollierung dieser Seite erhebt ausschlie\u00dflich indirekt personenbezogene Nutzungsdaten zum Zwecke der Sicherung der Bereitstellung. Die beim Seitenabruf erstellten Protokolldateien werden f\u00fcr einen Zeitraum von 14 Tagen gespeichert und nur im Rahmen von Sicherheits- und Fehleranalysen verwendet. Gesammelt werden folgende Daten:<br><br>\u25cf IP-Adresse des Zugriffs<br>\u25cf Datum und Uhrzeit der Anfrage<br>\u25cf Angefragte Inhalte<br>\u25cf Verwendeter Browser und Betriebssystem<br>\u25cf Status der \u00dcbertragung<br>\u25cf \u00dcbertragene Datenmenge<br><br>Im Falle von rechtswidrigen Zugriffen oder Zugriffsversuchen behalten wir uns zur Wahrung unserer berechtigten Interessen vor, diese Daten nach Artikel 6 Abs. 1 Buchst. f der DSGVO in Zusammenarbeit mit den Strafverfolgungsbeh\u00f6rden zur Herleitung personenbezogener Daten zu verwenden.<\/p>\n\n\n\n<h4>B) EINSATZ VON COOKIES<\/h4>\n\n\n\n<p>Auf dieser Webseite werden keine Cookies eingesetzt.<\/p>\n\n\n\n<h4>C) WEBSITE-ANALYSEN<\/h4>\n\n\n\n<p>Diese Seite verwendet keine Website-Analysen.<\/p>\n\n\n\n<h3>2. INFORMATION ZU IHREN RECHTEN<\/h3>\n\n\n\n<p>Gem\u00e4\u00df der DSGVO haben Sie im Wesentlichen die folgenden Rechte:<br><br>\u25cf Auskunftsrecht nach Artikel 15 DSGVO<br>\u25cf Recht auf Berichtigung nach Artikel 16 DSGVO<br>\u25cf Recht auf L\u00f6schung nach Artikel 17 DSGVO<br>\u25cf Recht auf Einschr\u00e4nkung der Verarbeitung nach Artikel 18 DSGVO<br>\u25cf Widerspruchsrecht nach Artikel 21 DSGVO<br><br><\/p>\n\n\n\n<h3>3. KONTAKT<\/h3>\n\n\n\n<p>Sollten Sie Fragen zu unserem Datenschutz haben wenden Sie sich bitte an unseren Datenschutzbeauftragten:<br><br>Ingenieurbuero Meyer<br>Datenschutzbeauftragter &#8211; vertraulich<br>Frongasse 34<br>D-53121 Bonn<br><\/p>\n","protected":false},"excerpt":{"rendered":"<p>Wer wir sind Die Adresse unserer Website ist: http:\/\/meyer-ingenieure.de. Welche personenbezogenen Daten wir sammeln und warum wir sie sammeln Der Schutz Ihrer personenbezogenen Daten ist uns wichtig. Wir, das Ingenieurbuero Meyer, achten als Betreiber dieser Internetseite darauf, dass die Verarbeitung von personenbezogenen Daten in \u00dcbereinstimmung mit den anwendbaren Rechtsvorschriften erfolgt. Die nachfolgenden Informationen erl\u00e4utern Ihnen &hellip; <\/p>\n<p class=\"link-more\"><a href=\"http:\/\/meyer-ingenieure.de\/index.html\/datenschutzerklaerung\/\" class=\"more-link\"><span class=\"screen-reader-text\">\u201eDatenschutzerkl\u00e4rung\u201c<\/span> weiterlesen<\/a><\/p>\n","protected":false},"author":1,"featured_media":0,"parent":0,"menu_order":0,"comment_status":"closed","ping_status":"closed","template":"","meta":[],"_links":{"self":[{"href":"http:\/\/meyer-ingenieure.de\/index.html\/wp-json\/wp\/v2\/pages\/44"}],"collection":[{"href":"http:\/\/meyer-ingenieure.de\/index.html\/wp-json\/wp\/v2\/pages"}],"about":[{"href":"http:\/\/meyer-ingenieure.de\/index.html\/wp-json\/wp\/v2\/types\/page"}],"author":[{"embeddable":true,"href":"http:\/\/meyer-ingenieure.de\/index.html\/wp-json\/wp\/v2\/users\/1"}],"replies":[{"embeddable":true,"href":"http:\/\/meyer-ingenieure.de\/index.html\/wp-json\/wp\/v2\/comments?post=44"}],"version-history":[{"count":2,"href":"http:\/\/meyer-ingenieure.de\/index.html\/wp-json\/wp\/v2\/pages\/44\/revisions"}],"predecessor-version":[{"id":232,"href":"http:\/\/meyer-ingenieure.de\/index.html\/wp-json\/wp\/v2\/pages\/44\/revisions\/232"}],"wp:attachment":[{"href":"http:\/\/meyer-ingenieure.de\/index.html\/wp-json\/wp\/v2\/media?parent=44"}],"curies":[{"name":"wp","href":"https:\/\/api.w.org\/{rel}","templated":true}]}}