{"id":136,"date":"2019-09-01T13:04:29","date_gmt":"2019-09-01T13:04:29","guid":{"rendered":"http:\/\/meyer-ingenieure.de\/?page_id=136"},"modified":"2019-09-05T14:28:32","modified_gmt":"2019-09-05T14:28:32","slug":"kaufhaus-essen-borbeck","status":"publish","type":"page","link":"https:\/\/meyer-ingenieure.de\/index.html\/projekte\/kaufhaus-essen-borbeck\/","title":{"rendered":"Kaufhaus Essen Borbeck"},"content":{"rendered":"\n<ul class=\"is-layout-flex wp-block-gallery-1 wp-block-gallery columns-3 is-cropped\"><li class=\"blocks-gallery-item\"><figure><img decoding=\"async\" loading=\"lazy\" width=\"1024\" height=\"683\" src=\"http:\/\/meyer-ingenieure.de\/wp-content\/uploads\/2019\/09\/MGo-130618-SB-Warenhaus-039-1024x683.jpg\" alt=\"\" data-id=\"137\" data-link=\"http:\/\/meyer-ingenieure.de\/?attachment_id=137\" class=\"wp-image-137\" srcset=\"https:\/\/meyer-ingenieure.de\/wp-content\/uploads\/2019\/09\/MGo-130618-SB-Warenhaus-039-1024x683.jpg 1024w, https:\/\/meyer-ingenieure.de\/wp-content\/uploads\/2019\/09\/MGo-130618-SB-Warenhaus-039-300x200.jpg 300w, https:\/\/meyer-ingenieure.de\/wp-content\/uploads\/2019\/09\/MGo-130618-SB-Warenhaus-039-768x512.jpg 768w\" sizes=\"(max-width: 706px) 89vw, (max-width: 767px) 82vw, 740px\" \/><\/figure><\/li><li class=\"blocks-gallery-item\"><figure><img decoding=\"async\" loading=\"lazy\" width=\"1024\" height=\"683\" src=\"http:\/\/meyer-ingenieure.de\/wp-content\/uploads\/2019\/09\/MGo-130618-SB-Warenhaus-116ret-1024x683.jpg\" alt=\"\" data-id=\"138\" data-link=\"http:\/\/meyer-ingenieure.de\/?attachment_id=138\" class=\"wp-image-138\" srcset=\"https:\/\/meyer-ingenieure.de\/wp-content\/uploads\/2019\/09\/MGo-130618-SB-Warenhaus-116ret-1024x683.jpg 1024w, https:\/\/meyer-ingenieure.de\/wp-content\/uploads\/2019\/09\/MGo-130618-SB-Warenhaus-116ret-300x200.jpg 300w, https:\/\/meyer-ingenieure.de\/wp-content\/uploads\/2019\/09\/MGo-130618-SB-Warenhaus-116ret-768x512.jpg 768w\" sizes=\"(max-width: 706px) 89vw, (max-width: 767px) 82vw, 740px\" \/><\/figure><\/li><li class=\"blocks-gallery-item\"><figure><img decoding=\"async\" loading=\"lazy\" width=\"1024\" height=\"683\" src=\"http:\/\/meyer-ingenieure.de\/wp-content\/uploads\/2019\/09\/MGo-130708-SB-Warenhaus-159ret-1024x683.jpg\" alt=\"\" data-id=\"139\" data-link=\"http:\/\/meyer-ingenieure.de\/?attachment_id=139\" class=\"wp-image-139\" srcset=\"https:\/\/meyer-ingenieure.de\/wp-content\/uploads\/2019\/09\/MGo-130708-SB-Warenhaus-159ret-1024x683.jpg 1024w, https:\/\/meyer-ingenieure.de\/wp-content\/uploads\/2019\/09\/MGo-130708-SB-Warenhaus-159ret-300x200.jpg 300w, https:\/\/meyer-ingenieure.de\/wp-content\/uploads\/2019\/09\/MGo-130708-SB-Warenhaus-159ret-768x512.jpg 768w\" sizes=\"(max-width: 706px) 89vw, (max-width: 767px) 82vw, 740px\" \/><\/figure><\/li><\/ul>\n\n\n\n<p>Im Essener Stadtteilbezirk Borbeck liegt in der Fu\u00dfg\u00e4ngerzone der Gerichtsstra\u00dfe diese Handelsimmobilie. Es handelt sich um einen Lebensmittelmarkt mit zwei Untergeschossen als Tiefgarage und zwei oberirdischen Geschossen f\u00fcr die Handelsnutzung. Die oberirdischen Geschosse sind mit einem Ziegelmauerwerk verkleidet die Fassadenelemente sind mit hellgrauen Architekturbeton und anthrazitfarbenen Aluminiumfassadenelementen gestaltet.&nbsp;<\/p>\n\n\n\n<style>\n#listen_block\n\t{\n\tborder: 0px solid black;\n\t}\n\t\t\n\t\n#listen_zeile_detail\n\t{\n\ttext-transform: none;\n\theight: 20px;\n\tpadding: 10px 5px 5px 10px;\n\tfont-size:11pt;\n\tborder: 0px solid black;\n\t\n\t}\n\n\t\n#listen_item_detail\n\t{\n\tfloat: left;\n\tpadding: 0px 5px 0px 0px;\n\tborder: 0px solid black;\n\tmin-width:240px;\n\tnowrap;\n\tvertical-align:middle;\n\theight:10px;\n\tmargin-top:0px;\n\t}\n\n<\/style>\n\n\n<div id=\"listen_block\">\n\n\n<div id=\"listen_zeile_detail\">\n<div id=\"listen_item_detail\"><b>Bauherr<\/b><\/div>\n<div id=\"listen_item_detail\">ohne Angabe<\/div>\n<\/div>\n\n<br style=\"clear:left;\">\n\n<div id=\"listen_zeile_detail\">\n<div id=\"listen_item_detail\"><b>Architekt<\/b><\/div>\n<div id=\"listen_item_detail\">J\u00fcrgensen &amp; J\u00fcrgensen, K\u00f6ln<\/div>\t\n<\/div>\n\n<br style=\"clear:left;\">\n\n<div id=\"listen_zeile_detail\">\n<div id=\"listen_item_detail\"><b>Realisierung \/ Bauzeit<\/b><\/div>\n<div id=\"listen_item_detail\">2011 &#8211; 2012<\/div>\t\n<\/div>\n\n<br style=\"clear:left;\">\n\t\t\t\t\n<div id=\"listen_zeile_detail\">\n<div id=\"listen_item_detail\"><b>BGF<\/b><\/div>\n<div id=\"listen_item_detail\">17.700 m\u00b2<\/div>\n<\/div>\n\n<br style=\"clear:left;\">\t\t\t\t\n\n<div id=\"listen_zeile_detail\">\n<div id=\"listen_item_detail\"><b>Leistungen IB Meyer<\/b><\/div>\n<div id=\"listen_item_detail\">Leistungsphasen 6 &#8211; 7 HOAI, Kostenmanagement<\/div>\n<\/div>\n\n<br style=\"clear:left;\">\n\n<div id=\"listen_zeile_detail\">\n<div id=\"listen_item_detail\"><b>Bilder<\/b><\/div>\n<div id=\"listen_item_detail\">Margot Gottschling<\/div>\n<\/div>\n\n<\/div>\n\n","protected":false},"excerpt":{"rendered":"<p>Im Essener Stadtteilbezirk Borbeck liegt in der Fu\u00dfg\u00e4ngerzone der Gerichtsstra\u00dfe diese Handelsimmobilie. Es handelt sich um einen Lebensmittelmarkt mit zwei Untergeschossen als Tiefgarage und zwei oberirdischen Geschossen f\u00fcr die Handelsnutzung. Die oberirdischen Geschosse sind mit einem Ziegelmauerwerk verkleidet die Fassadenelemente sind mit hellgrauen Architekturbeton und anthrazitfarbenen Aluminiumfassadenelementen gestaltet.&nbsp; Bauherr ohne Angabe Architekt J\u00fcrgensen &amp; J\u00fcrgensen, &hellip; <\/p>\n<p class=\"link-more\"><a href=\"https:\/\/meyer-ingenieure.de\/index.html\/projekte\/kaufhaus-essen-borbeck\/\" class=\"more-link\"><span class=\"screen-reader-text\">\u201eKaufhaus Essen Borbeck\u201c<\/span> weiterlesen<\/a><\/p>\n","protected":false},"author":1,"featured_media":0,"parent":194,"menu_order":0,"comment_status":"closed","ping_status":"closed","template":"","meta":[],"_links":{"self":[{"href":"https:\/\/meyer-ingenieure.de\/index.html\/wp-json\/wp\/v2\/pages\/136"}],"collection":[{"href":"https:\/\/meyer-ingenieure.de\/index.html\/wp-json\/wp\/v2\/pages"}],"about":[{"href":"https:\/\/meyer-ingenieure.de\/index.html\/wp-json\/wp\/v2\/types\/page"}],"author":[{"embeddable":true,"href":"https:\/\/meyer-ingenieure.de\/index.html\/wp-json\/wp\/v2\/users\/1"}],"replies":[{"embeddable":true,"href":"https:\/\/meyer-ingenieure.de\/index.html\/wp-json\/wp\/v2\/comments?post=136"}],"version-history":[{"count":3,"href":"https:\/\/meyer-ingenieure.de\/index.html\/wp-json\/wp\/v2\/pages\/136\/revisions"}],"predecessor-version":[{"id":162,"href":"https:\/\/meyer-ingenieure.de\/index.html\/wp-json\/wp\/v2\/pages\/136\/revisions\/162"}],"up":[{"embeddable":true,"href":"https:\/\/meyer-ingenieure.de\/index.html\/wp-json\/wp\/v2\/pages\/194"}],"wp:attachment":[{"href":"https:\/\/meyer-ingenieure.de\/index.html\/wp-json\/wp\/v2\/media?parent=136"}],"curies":[{"name":"wp","href":"https:\/\/api.w.org\/{rel}","templated":true}]}}