{"id":142,"date":"2019-09-01T13:09:20","date_gmt":"2019-09-01T13:09:20","guid":{"rendered":"http:\/\/meyer-ingenieure.de\/?page_id=142"},"modified":"2019-09-05T14:28:32","modified_gmt":"2019-09-05T14:28:32","slug":"atrium-office-city-loggia","status":"publish","type":"page","link":"https:\/\/meyer-ingenieure.de\/index.html\/projekte\/atrium-office-city-loggia\/","title":{"rendered":"Atrium Office &#038; City Loggia"},"content":{"rendered":"\n<ul class=\"is-layout-flex wp-block-gallery-1 wp-block-gallery columns-3 is-cropped\"><li class=\"blocks-gallery-item\"><figure><img decoding=\"async\" loading=\"lazy\" width=\"1024\" height=\"763\" src=\"http:\/\/meyer-ingenieure.de\/wp-content\/uploads\/2019\/09\/016_0807-1024x763.jpg\" alt=\"\" data-id=\"145\" data-link=\"http:\/\/meyer-ingenieure.de\/?attachment_id=145\" class=\"wp-image-145\" srcset=\"https:\/\/meyer-ingenieure.de\/wp-content\/uploads\/2019\/09\/016_0807-1024x763.jpg 1024w, https:\/\/meyer-ingenieure.de\/wp-content\/uploads\/2019\/09\/016_0807-300x224.jpg 300w, https:\/\/meyer-ingenieure.de\/wp-content\/uploads\/2019\/09\/016_0807-768x572.jpg 768w\" sizes=\"(max-width: 706px) 89vw, (max-width: 767px) 82vw, 740px\" \/><\/figure><\/li><li class=\"blocks-gallery-item\"><figure><img decoding=\"async\" loading=\"lazy\" width=\"1024\" height=\"840\" src=\"http:\/\/meyer-ingenieure.de\/wp-content\/uploads\/2019\/09\/013_0807-1024x840.jpg\" alt=\"\" data-id=\"146\" data-link=\"http:\/\/meyer-ingenieure.de\/?attachment_id=146\" class=\"wp-image-146\" srcset=\"https:\/\/meyer-ingenieure.de\/wp-content\/uploads\/2019\/09\/013_0807-1024x840.jpg 1024w, https:\/\/meyer-ingenieure.de\/wp-content\/uploads\/2019\/09\/013_0807-300x246.jpg 300w, https:\/\/meyer-ingenieure.de\/wp-content\/uploads\/2019\/09\/013_0807-768x630.jpg 768w\" sizes=\"(max-width: 706px) 89vw, (max-width: 767px) 82vw, 740px\" \/><\/figure><\/li><li class=\"blocks-gallery-item\"><figure><img decoding=\"async\" loading=\"lazy\" width=\"1024\" height=\"547\" src=\"http:\/\/meyer-ingenieure.de\/wp-content\/uploads\/2019\/09\/004_0807-1024x547.jpg\" alt=\"\" data-id=\"147\" data-link=\"http:\/\/meyer-ingenieure.de\/?attachment_id=147\" class=\"wp-image-147\" srcset=\"https:\/\/meyer-ingenieure.de\/wp-content\/uploads\/2019\/09\/004_0807-1024x547.jpg 1024w, https:\/\/meyer-ingenieure.de\/wp-content\/uploads\/2019\/09\/004_0807-300x160.jpg 300w, https:\/\/meyer-ingenieure.de\/wp-content\/uploads\/2019\/09\/004_0807-768x411.jpg 768w\" sizes=\"(max-width: 706px) 89vw, (max-width: 767px) 82vw, 740px\" \/><\/figure><\/li><\/ul>\n\n\n\n<p>Das Objekt gegen\u00fcber dem Hauptbahnhof in Bonn besteht aus den beiden Geb\u00e4udeteilen Atrium Office mit reinen B\u00fcronutzungen und der City Loggia mit Eigentumswohnungen, sowie im 1.Obergescho\u00df B\u00fcrofl\u00e4chen.<\/p>\n\n\n\n<p>Die Geb\u00e4ude wurden schwingungsentkoppelt auf einem U-Bahntunnel errichtet, die Ausstattung ist gehoben und verbindet Stadtleben mit Arbeiten.<\/p>\n\n\n\n<style>\n#listen_block\n\t{\n\tborder: 0px solid black;\n\t}\n\t\t\n\t\n#listen_zeile_detail\n\t{\n\ttext-transform: none;\n\theight: 20px;\n\tpadding: 10px 5px 5px 10px;\n\tfont-size:11pt;\n\tborder: 0px solid black;\n\t\n\t}\n\n\t\n#listen_item_detail\n\t{\n\tfloat: left;\n\tpadding: 0px 5px 0px 0px;\n\tborder: 0px solid black;\n\tmin-width:240px;\n\tvertical-align:middle;\n\theight:10px;\n\tmargin-top:0px;\n\t}\n\n<\/style>\n\n\n<div id=\"listen_block\">\n\n\n<div id=\"listen_zeile_detail\">\n<div id=\"listen_item_detail\"><b>Bauherr<\/b><\/div>\n<div id=\"listen_item_detail\">WMO Erste Entwicklungsgesellschaft mbH &amp; Co. KG<\/div>\n<\/div>\n\n<br style=\"clear:left;\">\n\n<div id=\"listen_zeile_detail\">\n<div id=\"listen_item_detail\"><b>Architekt<\/b><\/div>\n<div id=\"listen_item_detail\">Nattler Architekten GmbH<\/div>\t\n<\/div>\n\n<br style=\"clear:left;&quot;\">\n\n<div id=\"listen_zeile_detail\">\n<div id=\"listen_item_detail\"><b>Realisierung \/ Bauzeit<\/b><\/div>\n<div id=\"listen_item_detail\">2005 &#8211; 2007<\/div>\t\n            \t\t\n<\/div>\n\n<br style=\"clear:left;\">\n\t\t\t\t\n<div id=\"listen_zeile_detail\">\n<div id=\"listen_item_detail\"><b>BGF<\/b><\/div>\n<div id=\"listen_item_detail\">8.500 m\u00b2<\/div>\n<\/div>\n\n<br style=\"clear:left;\">\t\t\t\t\n\n<div id=\"listen_zeile_detail\">\n<div id=\"listen_item_detail\"><b>Leistungen IB Meyer<\/b><\/div>\n<div id=\"listen_item_detail\">Projektsteuerung<\/div>\n<\/div>\n\n<br style=\"clear:left;\">\n\n<div id=\"listen_zeile_detail\">\n<div id=\"listen_item_detail\"><b>Bilder<\/b><\/div>\n<div id=\"listen_item_detail\">Pro Bonnum GmbH<\/div><br style=\"clear:left;\">\t\n            \t\t\n<\/div>\n\n<\/div>\n","protected":false},"excerpt":{"rendered":"<p>Das Objekt gegen\u00fcber dem Hauptbahnhof in Bonn besteht aus den beiden Geb\u00e4udeteilen Atrium Office mit reinen B\u00fcronutzungen und der City Loggia mit Eigentumswohnungen, sowie im 1.Obergescho\u00df B\u00fcrofl\u00e4chen. Die Geb\u00e4ude wurden schwingungsentkoppelt auf einem U-Bahntunnel errichtet, die Ausstattung ist gehoben und verbindet Stadtleben mit Arbeiten. Bauherr WMO Erste Entwicklungsgesellschaft mbH &amp; Co. KG Architekt Nattler Architekten &hellip; <\/p>\n<p class=\"link-more\"><a href=\"https:\/\/meyer-ingenieure.de\/index.html\/projekte\/atrium-office-city-loggia\/\" class=\"more-link\"><span class=\"screen-reader-text\">\u201eAtrium Office &#038; City Loggia\u201c<\/span> weiterlesen<\/a><\/p>\n","protected":false},"author":1,"featured_media":0,"parent":194,"menu_order":0,"comment_status":"closed","ping_status":"closed","template":"","meta":[],"_links":{"self":[{"href":"https:\/\/meyer-ingenieure.de\/index.html\/wp-json\/wp\/v2\/pages\/142"}],"collection":[{"href":"https:\/\/meyer-ingenieure.de\/index.html\/wp-json\/wp\/v2\/pages"}],"about":[{"href":"https:\/\/meyer-ingenieure.de\/index.html\/wp-json\/wp\/v2\/types\/page"}],"author":[{"embeddable":true,"href":"https:\/\/meyer-ingenieure.de\/index.html\/wp-json\/wp\/v2\/users\/1"}],"replies":[{"embeddable":true,"href":"https:\/\/meyer-ingenieure.de\/index.html\/wp-json\/wp\/v2\/comments?post=142"}],"version-history":[{"count":8,"href":"https:\/\/meyer-ingenieure.de\/index.html\/wp-json\/wp\/v2\/pages\/142\/revisions"}],"predecessor-version":[{"id":229,"href":"https:\/\/meyer-ingenieure.de\/index.html\/wp-json\/wp\/v2\/pages\/142\/revisions\/229"}],"up":[{"embeddable":true,"href":"https:\/\/meyer-ingenieure.de\/index.html\/wp-json\/wp\/v2\/pages\/194"}],"wp:attachment":[{"href":"https:\/\/meyer-ingenieure.de\/index.html\/wp-json\/wp\/v2\/media?parent=142"}],"curies":[{"name":"wp","href":"https:\/\/api.w.org\/{rel}","templated":true}]}}